{"id":228,"date":"2025-12-09T20:46:32","date_gmt":"2025-12-09T20:46:32","guid":{"rendered":"https:\/\/karolinastudzinska.pl\/?page_id=228"},"modified":"2025-12-09T20:52:08","modified_gmt":"2025-12-09T20:52:08","slug":"kon","status":"publish","type":"page","link":"https:\/\/karolinastudzinska.pl\/index.php\/kon\/","title":{"rendered":"Ko\u0144"},"content":{"rendered":"\n<div class=\"wp-block-group alignfull has-accent-background-color has-background has-global-padding is-layout-constrained wp-container-core-group-is-layout-669513ed wp-block-group-is-layout-constrained\" style=\"margin-top:0;margin-bottom:0;padding-top:var(--wp--preset--spacing--50);padding-right:var(--wp--preset--spacing--50);padding-bottom:var(--wp--preset--spacing--50);padding-left:var(--wp--preset--spacing--50)\">\n<div class=\"wp-block-columns alignwide is-layout-flex wp-container-core-columns-is-layout-1da03c2a wp-block-columns-is-layout-flex\">\n<div class=\"wp-block-column is-vertically-aligned-stretch is-layout-flow wp-block-column-is-layout-flow\" style=\"flex-basis:50%\">\n<div class=\"wp-block-group is-vertical is-content-justification-stretch is-layout-flex wp-container-core-group-is-layout-444d5ee8 wp-block-group-is-layout-flex\" style=\"min-height:100%\">\n<div class=\"wp-block-columns is-layout-flex wp-container-core-columns-is-layout-28f84493 wp-block-columns-is-layout-flex\">\n<div class=\"wp-block-column is-layout-flow wp-block-column-is-layout-flow\">\n<figure data-wp-context=\"{&quot;imageId&quot;:&quot;69e0f305b4757&quot;}\" data-wp-interactive=\"core\/image\" data-wp-key=\"69e0f305b4757\" class=\"wp-block-image size-full is-style-rounded is-style-rounded--1 wp-lightbox-container\"><img loading=\"lazy\" decoding=\"async\" width=\"800\" height=\"800\" data-wp-class--hide=\"state.isContentHidden\" data-wp-class--show=\"state.isContentVisible\" data-wp-init=\"callbacks.setButtonStyles\" data-wp-on--click=\"actions.showLightbox\" data-wp-on--load=\"callbacks.setButtonStyles\" data-wp-on-window--resize=\"callbacks.setButtonStyles\" src=\"https:\/\/karolinastudzinska.pl\/wp-content\/uploads\/2025\/12\/010www-3.jpg\" alt=\"\" class=\"wp-image-230\" srcset=\"https:\/\/karolinastudzinska.pl\/wp-content\/uploads\/2025\/12\/010www-3.jpg 800w, https:\/\/karolinastudzinska.pl\/wp-content\/uploads\/2025\/12\/010www-3-300x300.jpg 300w, https:\/\/karolinastudzinska.pl\/wp-content\/uploads\/2025\/12\/010www-3-150x150.jpg 150w, https:\/\/karolinastudzinska.pl\/wp-content\/uploads\/2025\/12\/010www-3-768x768.jpg 768w\" sizes=\"auto, (max-width: 800px) 100vw, 800px\" \/><button\n\t\t\tclass=\"lightbox-trigger\"\n\t\t\ttype=\"button\"\n\t\t\taria-haspopup=\"dialog\"\n\t\t\taria-label=\"Enlarge\"\n\t\t\tdata-wp-init=\"callbacks.initTriggerButton\"\n\t\t\tdata-wp-on--click=\"actions.showLightbox\"\n\t\t\tdata-wp-style--right=\"state.imageButtonRight\"\n\t\t\tdata-wp-style--top=\"state.imageButtonTop\"\n\t\t>\n\t\t\t<svg xmlns=\"http:\/\/www.w3.org\/2000\/svg\" width=\"12\" height=\"12\" fill=\"none\" viewBox=\"0 0 12 12\">\n\t\t\t\t<path fill=\"#fff\" d=\"M2 0a2 2 0 0 0-2 2v2h1.5V2a.5.5 0 0 1 .5-.5h2V0H2Zm2 10.5H2a.5.5 0 0 1-.5-.5V8H0v2a2 2 0 0 0 2 2h2v-1.5ZM8 12v-1.5h2a.5.5 0 0 0 .5-.5V8H12v2a2 2 0 0 1-2 2H8Zm2-12a2 2 0 0 1 2 2v2h-1.5V2a.5.5 0 0 0-.5-.5H8V0h2Z\" \/>\n\t\t\t<\/svg>\n\t\t<\/button><\/figure>\n<\/div>\n\n\n\n<div class=\"wp-block-column is-layout-flow wp-block-column-is-layout-flow\">\n<figure data-wp-context=\"{&quot;imageId&quot;:&quot;69e0f305b5018&quot;}\" data-wp-interactive=\"core\/image\" data-wp-key=\"69e0f305b5018\" class=\"wp-block-image size-full is-style-rounded is-style-rounded--2 wp-lightbox-container\"><img loading=\"lazy\" decoding=\"async\" width=\"800\" height=\"800\" data-wp-class--hide=\"state.isContentHidden\" data-wp-class--show=\"state.isContentVisible\" data-wp-init=\"callbacks.setButtonStyles\" data-wp-on--click=\"actions.showLightbox\" data-wp-on--load=\"callbacks.setButtonStyles\" data-wp-on-window--resize=\"callbacks.setButtonStyles\" src=\"https:\/\/karolinastudzinska.pl\/wp-content\/uploads\/2025\/12\/010www-1.jpg\" alt=\"\" class=\"wp-image-231\" srcset=\"https:\/\/karolinastudzinska.pl\/wp-content\/uploads\/2025\/12\/010www-1.jpg 800w, https:\/\/karolinastudzinska.pl\/wp-content\/uploads\/2025\/12\/010www-1-300x300.jpg 300w, https:\/\/karolinastudzinska.pl\/wp-content\/uploads\/2025\/12\/010www-1-150x150.jpg 150w, https:\/\/karolinastudzinska.pl\/wp-content\/uploads\/2025\/12\/010www-1-768x768.jpg 768w\" sizes=\"auto, (max-width: 800px) 100vw, 800px\" \/><button\n\t\t\tclass=\"lightbox-trigger\"\n\t\t\ttype=\"button\"\n\t\t\taria-haspopup=\"dialog\"\n\t\t\taria-label=\"Enlarge\"\n\t\t\tdata-wp-init=\"callbacks.initTriggerButton\"\n\t\t\tdata-wp-on--click=\"actions.showLightbox\"\n\t\t\tdata-wp-style--right=\"state.imageButtonRight\"\n\t\t\tdata-wp-style--top=\"state.imageButtonTop\"\n\t\t>\n\t\t\t<svg xmlns=\"http:\/\/www.w3.org\/2000\/svg\" width=\"12\" height=\"12\" fill=\"none\" viewBox=\"0 0 12 12\">\n\t\t\t\t<path fill=\"#fff\" d=\"M2 0a2 2 0 0 0-2 2v2h1.5V2a.5.5 0 0 1 .5-.5h2V0H2Zm2 10.5H2a.5.5 0 0 1-.5-.5V8H0v2a2 2 0 0 0 2 2h2v-1.5ZM8 12v-1.5h2a.5.5 0 0 0 .5-.5V8H12v2a2 2 0 0 1-2 2H8Zm2-12a2 2 0 0 1 2 2v2h-1.5V2a.5.5 0 0 0-.5-.5H8V0h2Z\" \/>\n\t\t\t<\/svg>\n\t\t<\/button><\/figure>\n<\/div>\n\n\n\n<div class=\"wp-block-column is-layout-flow wp-block-column-is-layout-flow\">\n<figure data-wp-context=\"{&quot;imageId&quot;:&quot;69e0f305b55e1&quot;}\" data-wp-interactive=\"core\/image\" data-wp-key=\"69e0f305b55e1\" class=\"wp-block-image size-full is-style-rounded is-style-rounded--3 wp-lightbox-container\"><img loading=\"lazy\" decoding=\"async\" width=\"800\" height=\"800\" data-wp-class--hide=\"state.isContentHidden\" data-wp-class--show=\"state.isContentVisible\" data-wp-init=\"callbacks.setButtonStyles\" data-wp-on--click=\"actions.showLightbox\" data-wp-on--load=\"callbacks.setButtonStyles\" data-wp-on-window--resize=\"callbacks.setButtonStyles\" src=\"https:\/\/karolinastudzinska.pl\/wp-content\/uploads\/2025\/12\/010www-2.jpg\" alt=\"\" class=\"wp-image-232\" srcset=\"https:\/\/karolinastudzinska.pl\/wp-content\/uploads\/2025\/12\/010www-2.jpg 800w, https:\/\/karolinastudzinska.pl\/wp-content\/uploads\/2025\/12\/010www-2-300x300.jpg 300w, https:\/\/karolinastudzinska.pl\/wp-content\/uploads\/2025\/12\/010www-2-150x150.jpg 150w, https:\/\/karolinastudzinska.pl\/wp-content\/uploads\/2025\/12\/010www-2-768x768.jpg 768w\" sizes=\"auto, (max-width: 800px) 100vw, 800px\" \/><button\n\t\t\tclass=\"lightbox-trigger\"\n\t\t\ttype=\"button\"\n\t\t\taria-haspopup=\"dialog\"\n\t\t\taria-label=\"Enlarge\"\n\t\t\tdata-wp-init=\"callbacks.initTriggerButton\"\n\t\t\tdata-wp-on--click=\"actions.showLightbox\"\n\t\t\tdata-wp-style--right=\"state.imageButtonRight\"\n\t\t\tdata-wp-style--top=\"state.imageButtonTop\"\n\t\t>\n\t\t\t<svg xmlns=\"http:\/\/www.w3.org\/2000\/svg\" width=\"12\" height=\"12\" fill=\"none\" viewBox=\"0 0 12 12\">\n\t\t\t\t<path fill=\"#fff\" d=\"M2 0a2 2 0 0 0-2 2v2h1.5V2a.5.5 0 0 1 .5-.5h2V0H2Zm2 10.5H2a.5.5 0 0 1-.5-.5V8H0v2a2 2 0 0 0 2 2h2v-1.5ZM8 12v-1.5h2a.5.5 0 0 0 .5-.5V8H12v2a2 2 0 0 1-2 2H8Zm2-12a2 2 0 0 1 2 2v2h-1.5V2a.5.5 0 0 0-.5-.5H8V0h2Z\" \/>\n\t\t\t<\/svg>\n\t\t<\/button><\/figure>\n<\/div>\n<\/div>\n\n\n\n<p><strong>STATUS: Niedost\u0119pny<br>WYMIARY:\u00a0<\/strong>60\u00d780 cm<br><strong>ROK POWSTANIA:\u00a0<\/strong>2025<br><strong>MATERIA\u0141Y:\u00a0<\/strong>farby olejne Talens Van Gogh i Rembrandt, farby akrylowe Golden Open i Talens Rembrandt, werniks satynowy Winsor&amp;Newton, bawe\u0142niane p\u0142\u00f3tno 3-krotnie zagruntowane.<\/p>\n<\/div>\n<\/div>\n\n\n\n<div class=\"wp-block-column is-vertically-aligned-center is-layout-flow wp-block-column-is-layout-flow\" style=\"flex-basis:50%\">\n<figure class=\"wp-block-image size-full is-style-default\"><img loading=\"lazy\" decoding=\"async\" width=\"598\" height=\"800\" src=\"https:\/\/karolinastudzinska.pl\/wp-content\/uploads\/2025\/12\/010www.jpg\" alt=\"\" class=\"wp-image-229\" style=\"aspect-ratio:3\/4;object-fit:cover\" srcset=\"https:\/\/karolinastudzinska.pl\/wp-content\/uploads\/2025\/12\/010www.jpg 598w, https:\/\/karolinastudzinska.pl\/wp-content\/uploads\/2025\/12\/010www-224x300.jpg 224w\" sizes=\"auto, (max-width: 598px) 100vw, 598px\" \/><\/figure>\n<\/div>\n<\/div>\n<\/div>\n","protected":false},"excerpt":{"rendered":"<p>STATUS: Niedost\u0119pnyWYMIARY:\u00a060\u00d780 cmROK POWSTANIA:\u00a02025MATERIA\u0141Y:\u00a0farby olejne Talens Van Gogh i Rembrandt, farby akrylowe Golden Open i Talens Rembrandt, werniks satynowy Winsor&amp;Newton, bawe\u0142niane p\u0142\u00f3tno 3-krotnie zagruntowane.<\/p>\n","protected":false},"author":1,"featured_media":0,"parent":0,"menu_order":0,"comment_status":"closed","ping_status":"closed","template":"","meta":{"footnotes":""},"class_list":["post-228","page","type-page","status-publish","hentry"],"_links":{"self":[{"href":"https:\/\/karolinastudzinska.pl\/index.php\/wp-json\/wp\/v2\/pages\/228","targetHints":{"allow":["GET"]}}],"collection":[{"href":"https:\/\/karolinastudzinska.pl\/index.php\/wp-json\/wp\/v2\/pages"}],"about":[{"href":"https:\/\/karolinastudzinska.pl\/index.php\/wp-json\/wp\/v2\/types\/page"}],"author":[{"embeddable":true,"href":"https:\/\/karolinastudzinska.pl\/index.php\/wp-json\/wp\/v2\/users\/1"}],"replies":[{"embeddable":true,"href":"https:\/\/karolinastudzinska.pl\/index.php\/wp-json\/wp\/v2\/comments?post=228"}],"version-history":[{"count":2,"href":"https:\/\/karolinastudzinska.pl\/index.php\/wp-json\/wp\/v2\/pages\/228\/revisions"}],"predecessor-version":[{"id":242,"href":"https:\/\/karolinastudzinska.pl\/index.php\/wp-json\/wp\/v2\/pages\/228\/revisions\/242"}],"wp:attachment":[{"href":"https:\/\/karolinastudzinska.pl\/index.php\/wp-json\/wp\/v2\/media?parent=228"}],"curies":[{"name":"wp","href":"https:\/\/api.w.org\/{rel}","templated":true}]}}