{"id":200,"date":"2025-12-09T19:52:15","date_gmt":"2025-12-09T19:52:15","guid":{"rendered":"https:\/\/karolinastudzinska.pl\/?page_id=200"},"modified":"2025-12-09T19:52:15","modified_gmt":"2025-12-09T19:52:15","slug":"jak-mrozny-poranek","status":"publish","type":"page","link":"https:\/\/karolinastudzinska.pl\/index.php\/jak-mrozny-poranek\/","title":{"rendered":"Jak mro\u017any poranek"},"content":{"rendered":"\n<div class=\"wp-block-group alignfull has-accent-background-color has-background has-global-padding is-layout-constrained wp-container-core-group-is-layout-669513ed wp-block-group-is-layout-constrained\" style=\"margin-top:0;margin-bottom:0;padding-top:var(--wp--preset--spacing--50);padding-right:var(--wp--preset--spacing--50);padding-bottom:var(--wp--preset--spacing--50);padding-left:var(--wp--preset--spacing--50)\">\n<div class=\"wp-block-columns alignwide is-layout-flex wp-container-core-columns-is-layout-1da03c2a wp-block-columns-is-layout-flex\">\n<div class=\"wp-block-column is-vertically-aligned-stretch is-layout-flow wp-block-column-is-layout-flow\" style=\"flex-basis:50%\">\n<div class=\"wp-block-group is-vertical is-content-justification-stretch is-layout-flex wp-container-core-group-is-layout-444d5ee8 wp-block-group-is-layout-flex\" style=\"min-height:100%\">\n<div class=\"wp-block-columns is-layout-flex wp-container-core-columns-is-layout-28f84493 wp-block-columns-is-layout-flex\">\n<div class=\"wp-block-column is-layout-flow wp-block-column-is-layout-flow\">\n<figure data-wp-context=\"{&quot;imageId&quot;:&quot;69e0f305b4d7c&quot;}\" data-wp-interactive=\"core\/image\" data-wp-key=\"69e0f305b4d7c\" class=\"wp-block-image size-full is-style-rounded is-style-rounded--1 wp-lightbox-container\"><img loading=\"lazy\" decoding=\"async\" width=\"600\" height=\"600\" data-wp-class--hide=\"state.isContentHidden\" data-wp-class--show=\"state.isContentVisible\" data-wp-init=\"callbacks.setButtonStyles\" data-wp-on--click=\"actions.showLightbox\" data-wp-on--load=\"callbacks.setButtonStyles\" data-wp-on-window--resize=\"callbacks.setButtonStyles\" src=\"https:\/\/karolinastudzinska.pl\/wp-content\/uploads\/2025\/12\/008www-1-edited.jpg\" alt=\"\" class=\"wp-image-202\" srcset=\"https:\/\/karolinastudzinska.pl\/wp-content\/uploads\/2025\/12\/008www-1-edited.jpg 600w, https:\/\/karolinastudzinska.pl\/wp-content\/uploads\/2025\/12\/008www-1-edited-300x300.jpg 300w, https:\/\/karolinastudzinska.pl\/wp-content\/uploads\/2025\/12\/008www-1-edited-150x150.jpg 150w\" sizes=\"auto, (max-width: 600px) 100vw, 600px\" \/><button\n\t\t\tclass=\"lightbox-trigger\"\n\t\t\ttype=\"button\"\n\t\t\taria-haspopup=\"dialog\"\n\t\t\taria-label=\"Enlarge\"\n\t\t\tdata-wp-init=\"callbacks.initTriggerButton\"\n\t\t\tdata-wp-on--click=\"actions.showLightbox\"\n\t\t\tdata-wp-style--right=\"state.imageButtonRight\"\n\t\t\tdata-wp-style--top=\"state.imageButtonTop\"\n\t\t>\n\t\t\t<svg xmlns=\"http:\/\/www.w3.org\/2000\/svg\" width=\"12\" height=\"12\" fill=\"none\" viewBox=\"0 0 12 12\">\n\t\t\t\t<path fill=\"#fff\" d=\"M2 0a2 2 0 0 0-2 2v2h1.5V2a.5.5 0 0 1 .5-.5h2V0H2Zm2 10.5H2a.5.5 0 0 1-.5-.5V8H0v2a2 2 0 0 0 2 2h2v-1.5ZM8 12v-1.5h2a.5.5 0 0 0 .5-.5V8H12v2a2 2 0 0 1-2 2H8Zm2-12a2 2 0 0 1 2 2v2h-1.5V2a.5.5 0 0 0-.5-.5H8V0h2Z\" \/>\n\t\t\t<\/svg>\n\t\t<\/button><\/figure>\n<\/div>\n\n\n\n<div class=\"wp-block-column is-layout-flow wp-block-column-is-layout-flow\">\n<figure data-wp-context=\"{&quot;imageId&quot;:&quot;69e0f305b576e&quot;}\" data-wp-interactive=\"core\/image\" data-wp-key=\"69e0f305b576e\" class=\"wp-block-image size-full is-style-rounded is-style-rounded--2 wp-lightbox-container\"><img loading=\"lazy\" decoding=\"async\" width=\"600\" height=\"600\" data-wp-class--hide=\"state.isContentHidden\" data-wp-class--show=\"state.isContentVisible\" data-wp-init=\"callbacks.setButtonStyles\" data-wp-on--click=\"actions.showLightbox\" data-wp-on--load=\"callbacks.setButtonStyles\" data-wp-on-window--resize=\"callbacks.setButtonStyles\" src=\"https:\/\/karolinastudzinska.pl\/wp-content\/uploads\/2025\/12\/008www-3-edited.jpg\" alt=\"\" class=\"wp-image-204\" srcset=\"https:\/\/karolinastudzinska.pl\/wp-content\/uploads\/2025\/12\/008www-3-edited.jpg 600w, https:\/\/karolinastudzinska.pl\/wp-content\/uploads\/2025\/12\/008www-3-edited-300x300.jpg 300w, https:\/\/karolinastudzinska.pl\/wp-content\/uploads\/2025\/12\/008www-3-edited-150x150.jpg 150w\" sizes=\"auto, (max-width: 600px) 100vw, 600px\" \/><button\n\t\t\tclass=\"lightbox-trigger\"\n\t\t\ttype=\"button\"\n\t\t\taria-haspopup=\"dialog\"\n\t\t\taria-label=\"Enlarge\"\n\t\t\tdata-wp-init=\"callbacks.initTriggerButton\"\n\t\t\tdata-wp-on--click=\"actions.showLightbox\"\n\t\t\tdata-wp-style--right=\"state.imageButtonRight\"\n\t\t\tdata-wp-style--top=\"state.imageButtonTop\"\n\t\t>\n\t\t\t<svg xmlns=\"http:\/\/www.w3.org\/2000\/svg\" width=\"12\" height=\"12\" fill=\"none\" viewBox=\"0 0 12 12\">\n\t\t\t\t<path fill=\"#fff\" d=\"M2 0a2 2 0 0 0-2 2v2h1.5V2a.5.5 0 0 1 .5-.5h2V0H2Zm2 10.5H2a.5.5 0 0 1-.5-.5V8H0v2a2 2 0 0 0 2 2h2v-1.5ZM8 12v-1.5h2a.5.5 0 0 0 .5-.5V8H12v2a2 2 0 0 1-2 2H8Zm2-12a2 2 0 0 1 2 2v2h-1.5V2a.5.5 0 0 0-.5-.5H8V0h2Z\" \/>\n\t\t\t<\/svg>\n\t\t<\/button><\/figure>\n<\/div>\n\n\n\n<div class=\"wp-block-column is-layout-flow wp-block-column-is-layout-flow\">\n<figure data-wp-context=\"{&quot;imageId&quot;:&quot;69e0f305b5f5f&quot;}\" data-wp-interactive=\"core\/image\" data-wp-key=\"69e0f305b5f5f\" class=\"wp-block-image size-full is-style-rounded is-style-rounded--3 wp-lightbox-container\"><img loading=\"lazy\" decoding=\"async\" width=\"600\" height=\"600\" data-wp-class--hide=\"state.isContentHidden\" data-wp-class--show=\"state.isContentVisible\" data-wp-init=\"callbacks.setButtonStyles\" data-wp-on--click=\"actions.showLightbox\" data-wp-on--load=\"callbacks.setButtonStyles\" data-wp-on-window--resize=\"callbacks.setButtonStyles\" src=\"https:\/\/karolinastudzinska.pl\/wp-content\/uploads\/2025\/12\/008www-2-edited.jpg\" alt=\"\" class=\"wp-image-206\" srcset=\"https:\/\/karolinastudzinska.pl\/wp-content\/uploads\/2025\/12\/008www-2-edited.jpg 600w, https:\/\/karolinastudzinska.pl\/wp-content\/uploads\/2025\/12\/008www-2-edited-300x300.jpg 300w, https:\/\/karolinastudzinska.pl\/wp-content\/uploads\/2025\/12\/008www-2-edited-150x150.jpg 150w\" sizes=\"auto, (max-width: 600px) 100vw, 600px\" \/><button\n\t\t\tclass=\"lightbox-trigger\"\n\t\t\ttype=\"button\"\n\t\t\taria-haspopup=\"dialog\"\n\t\t\taria-label=\"Enlarge\"\n\t\t\tdata-wp-init=\"callbacks.initTriggerButton\"\n\t\t\tdata-wp-on--click=\"actions.showLightbox\"\n\t\t\tdata-wp-style--right=\"state.imageButtonRight\"\n\t\t\tdata-wp-style--top=\"state.imageButtonTop\"\n\t\t>\n\t\t\t<svg xmlns=\"http:\/\/www.w3.org\/2000\/svg\" width=\"12\" height=\"12\" fill=\"none\" viewBox=\"0 0 12 12\">\n\t\t\t\t<path fill=\"#fff\" d=\"M2 0a2 2 0 0 0-2 2v2h1.5V2a.5.5 0 0 1 .5-.5h2V0H2Zm2 10.5H2a.5.5 0 0 1-.5-.5V8H0v2a2 2 0 0 0 2 2h2v-1.5ZM8 12v-1.5h2a.5.5 0 0 0 .5-.5V8H12v2a2 2 0 0 1-2 2H8Zm2-12a2 2 0 0 1 2 2v2h-1.5V2a.5.5 0 0 0-.5-.5H8V0h2Z\" \/>\n\t\t\t<\/svg>\n\t\t<\/button><\/figure>\n<\/div>\n<\/div>\n\n\n\n<p><strong>STATUS: Dost\u0119pny na\u00a0<\/strong><a href=\"http:\/\/e-powisle.pl\/produkt\/obraz-olejny-na-plotnie-jak-mrozny-poranek-karolina-studzinska\/\"><strong>e-powisle.pl<\/strong><\/a><strong><br>WYMIARY:\u00a0<\/strong>40&#215;120 cm<br><strong>ROK POWSTANIA:\u00a0<\/strong>2025<br><strong>MATERIA\u0141Y:\u00a0<\/strong>farby olejne Talens Van Gogh i Rembrandt, farby akrylowe Golden Open, werniks satynowy Winsor&amp;Newton, bawe\u0142niane p\u0142\u00f3tno 3-krotnie zagruntowane.<br><br>Znasz to uczucie kiedy podczas zimowego poranka odczuwasz orze\u017awiaj\u0105cy ch\u0142\u00f3d, kt\u00f3ry przenika sk\u00f3r\u0119 i wprowadza w ten nieuchwytny stan czujno\u015bci?<br>Czyste powietrze wype\u0142nia ka\u017cd\u0105 kom\u00f3rk\u0119 cia\u0142a czyst\u0105 energi\u0105, od\u015bwie\u017ca umys\u0142, jakby zmywa\u0142o resztki zm\u0119czenia i rutyny. Fizycznie czujesz delikatne dr\u017cenie, kt\u00f3re przypomina, \u017ce jeste\u015b \u017cywym organizmem, dzie\u0142em wyj\u0105tkowego procesu tw\u00f3rczego natury.<br>Obraz \u201eJak mro\u017any poranek\u201d przypomina Ci, \u017ce w takich momentach mo\u017cesz poczu\u0107 si\u0119 naprawd\u0119 obecny tu i teraz, by\u0107 nierozerwaln\u0105 cz\u0119\u015bci\u0105 ulotnych zjawisk a Tw\u00f3j umys\u0142 zaczyna wyostrza\u0107 percepcj\u0119 zyskuj\u0105c nowe perspektywy do dalszego dzia\u0142ania.<\/p>\n\n\n\n<div class=\"wp-block-group has-global-padding is-content-justification-left is-layout-constrained wp-container-core-group-is-layout-9fe8ed88 wp-block-group-is-layout-constrained\"><\/div>\n<\/div>\n<\/div>\n\n\n\n<div class=\"wp-block-column is-vertically-aligned-center is-layout-flow wp-block-column-is-layout-flow\" style=\"flex-basis:50%\">\n<figure class=\"wp-block-image size-full is-style-default\"><img loading=\"lazy\" decoding=\"async\" width=\"600\" height=\"801\" src=\"https:\/\/karolinastudzinska.pl\/wp-content\/uploads\/2025\/12\/008-a.jpg\" alt=\"\" class=\"wp-image-207\" style=\"aspect-ratio:3\/4;object-fit:cover\" srcset=\"https:\/\/karolinastudzinska.pl\/wp-content\/uploads\/2025\/12\/008-a.jpg 600w, https:\/\/karolinastudzinska.pl\/wp-content\/uploads\/2025\/12\/008-a-225x300.jpg 225w\" sizes=\"auto, (max-width: 600px) 100vw, 600px\" \/><\/figure>\n<\/div>\n<\/div>\n<\/div>\n","protected":false},"excerpt":{"rendered":"<p>STATUS: Dost\u0119pny na\u00a0e-powisle.plWYMIARY:\u00a040&#215;120 cmROK POWSTANIA:\u00a02025MATERIA\u0141Y:\u00a0farby olejne Talens Van Gogh i Rembrandt, farby akrylowe Golden Open, werniks satynowy Winsor&amp;Newton, bawe\u0142niane p\u0142\u00f3tno 3-krotnie zagruntowane. Znasz to uczucie kiedy podczas zimowego poranka odczuwasz orze\u017awiaj\u0105cy ch\u0142\u00f3d, kt\u00f3ry przenika sk\u00f3r\u0119 i wprowadza w ten nieuchwytny stan czujno\u015bci?Czyste powietrze wype\u0142nia ka\u017cd\u0105 kom\u00f3rk\u0119 cia\u0142a czyst\u0105 energi\u0105, od\u015bwie\u017ca umys\u0142, jakby zmywa\u0142o resztki zm\u0119czenia [&hellip;]<\/p>\n","protected":false},"author":1,"featured_media":0,"parent":0,"menu_order":0,"comment_status":"closed","ping_status":"closed","template":"","meta":{"footnotes":""},"class_list":["post-200","page","type-page","status-publish","hentry"],"_links":{"self":[{"href":"https:\/\/karolinastudzinska.pl\/index.php\/wp-json\/wp\/v2\/pages\/200","targetHints":{"allow":["GET"]}}],"collection":[{"href":"https:\/\/karolinastudzinska.pl\/index.php\/wp-json\/wp\/v2\/pages"}],"about":[{"href":"https:\/\/karolinastudzinska.pl\/index.php\/wp-json\/wp\/v2\/types\/page"}],"author":[{"embeddable":true,"href":"https:\/\/karolinastudzinska.pl\/index.php\/wp-json\/wp\/v2\/users\/1"}],"replies":[{"embeddable":true,"href":"https:\/\/karolinastudzinska.pl\/index.php\/wp-json\/wp\/v2\/comments?post=200"}],"version-history":[{"count":1,"href":"https:\/\/karolinastudzinska.pl\/index.php\/wp-json\/wp\/v2\/pages\/200\/revisions"}],"predecessor-version":[{"id":208,"href":"https:\/\/karolinastudzinska.pl\/index.php\/wp-json\/wp\/v2\/pages\/200\/revisions\/208"}],"wp:attachment":[{"href":"https:\/\/karolinastudzinska.pl\/index.php\/wp-json\/wp\/v2\/media?parent=200"}],"curies":[{"name":"wp","href":"https:\/\/api.w.org\/{rel}","templated":true}]}}