{"id":190,"date":"2025-12-09T19:45:26","date_gmt":"2025-12-09T19:45:26","guid":{"rendered":"https:\/\/karolinastudzinska.pl\/?page_id=190"},"modified":"2025-12-09T19:45:26","modified_gmt":"2025-12-09T19:45:26","slug":"wiez","status":"publish","type":"page","link":"https:\/\/karolinastudzinska.pl\/index.php\/wiez\/","title":{"rendered":"Wi\u0119\u017a"},"content":{"rendered":"\n<div class=\"wp-block-group alignfull has-accent-background-color has-background has-global-padding is-layout-constrained wp-container-core-group-is-layout-669513ed wp-block-group-is-layout-constrained\" style=\"margin-top:0;margin-bottom:0;padding-top:var(--wp--preset--spacing--50);padding-right:var(--wp--preset--spacing--50);padding-bottom:var(--wp--preset--spacing--50);padding-left:var(--wp--preset--spacing--50)\">\n<div class=\"wp-block-columns alignwide is-layout-flex wp-container-core-columns-is-layout-1da03c2a wp-block-columns-is-layout-flex\">\n<div class=\"wp-block-column is-vertically-aligned-stretch is-layout-flow wp-block-column-is-layout-flow\" style=\"flex-basis:50%\">\n<div class=\"wp-block-group is-vertical is-content-justification-stretch is-layout-flex wp-container-core-group-is-layout-444d5ee8 wp-block-group-is-layout-flex\" style=\"min-height:100%\">\n<div class=\"wp-block-columns is-layout-flex wp-container-core-columns-is-layout-28f84493 wp-block-columns-is-layout-flex\">\n<div class=\"wp-block-column is-layout-flow wp-block-column-is-layout-flow\">\n<figure data-wp-context=\"{&quot;imageId&quot;:&quot;69e0f3348b546&quot;}\" data-wp-interactive=\"core\/image\" data-wp-key=\"69e0f3348b546\" class=\"wp-block-image size-full is-style-rounded is-style-rounded--1 wp-lightbox-container\"><img loading=\"lazy\" decoding=\"async\" width=\"600\" height=\"600\" data-wp-class--hide=\"state.isContentHidden\" data-wp-class--show=\"state.isContentVisible\" data-wp-init=\"callbacks.setButtonStyles\" data-wp-on--click=\"actions.showLightbox\" data-wp-on--load=\"callbacks.setButtonStyles\" data-wp-on-window--resize=\"callbacks.setButtonStyles\" src=\"https:\/\/karolinastudzinska.pl\/wp-content\/uploads\/2025\/12\/007www-1-edited.jpg\" alt=\"\" class=\"wp-image-192\" srcset=\"https:\/\/karolinastudzinska.pl\/wp-content\/uploads\/2025\/12\/007www-1-edited.jpg 600w, https:\/\/karolinastudzinska.pl\/wp-content\/uploads\/2025\/12\/007www-1-edited-300x300.jpg 300w, https:\/\/karolinastudzinska.pl\/wp-content\/uploads\/2025\/12\/007www-1-edited-150x150.jpg 150w\" sizes=\"auto, (max-width: 600px) 100vw, 600px\" \/><button\n\t\t\tclass=\"lightbox-trigger\"\n\t\t\ttype=\"button\"\n\t\t\taria-haspopup=\"dialog\"\n\t\t\taria-label=\"Enlarge\"\n\t\t\tdata-wp-init=\"callbacks.initTriggerButton\"\n\t\t\tdata-wp-on--click=\"actions.showLightbox\"\n\t\t\tdata-wp-style--right=\"state.imageButtonRight\"\n\t\t\tdata-wp-style--top=\"state.imageButtonTop\"\n\t\t>\n\t\t\t<svg xmlns=\"http:\/\/www.w3.org\/2000\/svg\" width=\"12\" height=\"12\" fill=\"none\" viewBox=\"0 0 12 12\">\n\t\t\t\t<path fill=\"#fff\" d=\"M2 0a2 2 0 0 0-2 2v2h1.5V2a.5.5 0 0 1 .5-.5h2V0H2Zm2 10.5H2a.5.5 0 0 1-.5-.5V8H0v2a2 2 0 0 0 2 2h2v-1.5ZM8 12v-1.5h2a.5.5 0 0 0 .5-.5V8H12v2a2 2 0 0 1-2 2H8Zm2-12a2 2 0 0 1 2 2v2h-1.5V2a.5.5 0 0 0-.5-.5H8V0h2Z\" \/>\n\t\t\t<\/svg>\n\t\t<\/button><\/figure>\n<\/div>\n\n\n\n<div class=\"wp-block-column is-layout-flow wp-block-column-is-layout-flow\">\n<figure data-wp-context=\"{&quot;imageId&quot;:&quot;69e0f3348bd73&quot;}\" data-wp-interactive=\"core\/image\" data-wp-key=\"69e0f3348bd73\" class=\"wp-block-image size-full is-style-rounded is-style-rounded--2 wp-lightbox-container\"><img loading=\"lazy\" decoding=\"async\" width=\"600\" height=\"600\" data-wp-class--hide=\"state.isContentHidden\" data-wp-class--show=\"state.isContentVisible\" data-wp-init=\"callbacks.setButtonStyles\" data-wp-on--click=\"actions.showLightbox\" data-wp-on--load=\"callbacks.setButtonStyles\" data-wp-on-window--resize=\"callbacks.setButtonStyles\" src=\"https:\/\/karolinastudzinska.pl\/wp-content\/uploads\/2025\/12\/007www-2-edited.jpg\" alt=\"\" class=\"wp-image-194\" srcset=\"https:\/\/karolinastudzinska.pl\/wp-content\/uploads\/2025\/12\/007www-2-edited.jpg 600w, https:\/\/karolinastudzinska.pl\/wp-content\/uploads\/2025\/12\/007www-2-edited-300x300.jpg 300w, https:\/\/karolinastudzinska.pl\/wp-content\/uploads\/2025\/12\/007www-2-edited-150x150.jpg 150w\" sizes=\"auto, (max-width: 600px) 100vw, 600px\" \/><button\n\t\t\tclass=\"lightbox-trigger\"\n\t\t\ttype=\"button\"\n\t\t\taria-haspopup=\"dialog\"\n\t\t\taria-label=\"Enlarge\"\n\t\t\tdata-wp-init=\"callbacks.initTriggerButton\"\n\t\t\tdata-wp-on--click=\"actions.showLightbox\"\n\t\t\tdata-wp-style--right=\"state.imageButtonRight\"\n\t\t\tdata-wp-style--top=\"state.imageButtonTop\"\n\t\t>\n\t\t\t<svg xmlns=\"http:\/\/www.w3.org\/2000\/svg\" width=\"12\" height=\"12\" fill=\"none\" viewBox=\"0 0 12 12\">\n\t\t\t\t<path fill=\"#fff\" d=\"M2 0a2 2 0 0 0-2 2v2h1.5V2a.5.5 0 0 1 .5-.5h2V0H2Zm2 10.5H2a.5.5 0 0 1-.5-.5V8H0v2a2 2 0 0 0 2 2h2v-1.5ZM8 12v-1.5h2a.5.5 0 0 0 .5-.5V8H12v2a2 2 0 0 1-2 2H8Zm2-12a2 2 0 0 1 2 2v2h-1.5V2a.5.5 0 0 0-.5-.5H8V0h2Z\" \/>\n\t\t\t<\/svg>\n\t\t<\/button><\/figure>\n<\/div>\n\n\n\n<div class=\"wp-block-column is-layout-flow wp-block-column-is-layout-flow\">\n<figure data-wp-context=\"{&quot;imageId&quot;:&quot;69e0f3348c34b&quot;}\" data-wp-interactive=\"core\/image\" data-wp-key=\"69e0f3348c34b\" class=\"wp-block-image size-full is-style-rounded is-style-rounded--3 wp-lightbox-container\"><img loading=\"lazy\" decoding=\"async\" width=\"600\" height=\"600\" data-wp-class--hide=\"state.isContentHidden\" data-wp-class--show=\"state.isContentVisible\" data-wp-init=\"callbacks.setButtonStyles\" data-wp-on--click=\"actions.showLightbox\" data-wp-on--load=\"callbacks.setButtonStyles\" data-wp-on-window--resize=\"callbacks.setButtonStyles\" src=\"https:\/\/karolinastudzinska.pl\/wp-content\/uploads\/2025\/12\/007www-3-edited.jpg\" alt=\"\" class=\"wp-image-196\" srcset=\"https:\/\/karolinastudzinska.pl\/wp-content\/uploads\/2025\/12\/007www-3-edited.jpg 600w, https:\/\/karolinastudzinska.pl\/wp-content\/uploads\/2025\/12\/007www-3-edited-300x300.jpg 300w, https:\/\/karolinastudzinska.pl\/wp-content\/uploads\/2025\/12\/007www-3-edited-150x150.jpg 150w\" sizes=\"auto, (max-width: 600px) 100vw, 600px\" \/><button\n\t\t\tclass=\"lightbox-trigger\"\n\t\t\ttype=\"button\"\n\t\t\taria-haspopup=\"dialog\"\n\t\t\taria-label=\"Enlarge\"\n\t\t\tdata-wp-init=\"callbacks.initTriggerButton\"\n\t\t\tdata-wp-on--click=\"actions.showLightbox\"\n\t\t\tdata-wp-style--right=\"state.imageButtonRight\"\n\t\t\tdata-wp-style--top=\"state.imageButtonTop\"\n\t\t>\n\t\t\t<svg xmlns=\"http:\/\/www.w3.org\/2000\/svg\" width=\"12\" height=\"12\" fill=\"none\" viewBox=\"0 0 12 12\">\n\t\t\t\t<path fill=\"#fff\" d=\"M2 0a2 2 0 0 0-2 2v2h1.5V2a.5.5 0 0 1 .5-.5h2V0H2Zm2 10.5H2a.5.5 0 0 1-.5-.5V8H0v2a2 2 0 0 0 2 2h2v-1.5ZM8 12v-1.5h2a.5.5 0 0 0 .5-.5V8H12v2a2 2 0 0 1-2 2H8Zm2-12a2 2 0 0 1 2 2v2h-1.5V2a.5.5 0 0 0-.5-.5H8V0h2Z\" \/>\n\t\t\t<\/svg>\n\t\t<\/button><\/figure>\n<\/div>\n<\/div>\n\n\n\n<p><strong>STATUS: Niedost\u0119pny<br>WYMIARY:\u00a0<\/strong>60&#215;80 cm<br><strong>ROK POWSTANIA:\u00a0<\/strong>2025<br><strong>MATERIA\u0141Y:\u00a0<\/strong>farby olejne Talens Van Gogh i Rembrandt, farby akrylowe Golden Open, werniks satynowy Winsor&amp;Newton, bawe\u0142niane p\u0142\u00f3tno 3-krotnie zagruntowane.<\/p>\n\n\n\n<p>\u015awiadoma kobieta kieruje si\u0119 intuicj\u0105, wewn\u0119trznym spokojem i harmoni\u0105. Jej si\u0142a nie pochodzi z dominacji nad \u015bwiatem, lecz z g\u0142\u0119bokiego zrozumienia \u017cycia w zgodzie z natur\u0105 i sam\u0105 sob\u0105.<br>Tak jak nied\u017awied\u017a, ma w sobie si\u0142\u0119, kt\u00f3ra pozwala jej dba\u0107 o swoje granice, czuwa\u0107 nad sob\u0105 i nad bliskimi. Potrafi odpoczywa\u0107 w jaskini i potrafi walczy\u0107 gdy wymaga tego sytuacja.<br>Tak jak wilk kieruje si\u0119 odwag\u0105 i poczuciem wolno\u015bci ale rozumie, \u017ce dzia\u0142anie w grupie jest r\u00f3wnie wa\u017cne. \u0141\u0105czy w sobie ducha samodzielno\u015bci z umiej\u0119tno\u015bci\u0105 wsp\u00f3\u0142pracy i budowania g\u0142\u0119bokich relacji.<br>Tak, jak sowa jest stra\u017cniczk\u0105 m\u0105dro\u015bci i poznania. Do\u015bwiadczenie pozwala jej dostrzec to, co ukryte przed oczami innych. Czyta mi\u0119dzy wierszami i s\u0142ucha ciszy.<br>Tak jak jele\u0144 ma szacunek dla natury i odnajduje r\u00f3wnowag\u0119 w otaczaj\u0105cym j\u0105 \u015bwiecie, zachowuj\u0105c spok\u00f3j w ka\u017cdej sytuacji. Jej niezale\u017cno\u015b\u0107 nie jest wyrazem oporu, lecz \u015bwiadomego bycia w zgodzie z naturalnym porz\u0105dkiem.<\/p>\n<\/div>\n<\/div>\n\n\n\n<div class=\"wp-block-column is-vertically-aligned-center is-layout-flow wp-block-column-is-layout-flow\" style=\"flex-basis:50%\">\n<figure class=\"wp-block-image size-full is-style-default\"><img loading=\"lazy\" decoding=\"async\" width=\"598\" height=\"800\" src=\"https:\/\/karolinastudzinska.pl\/wp-content\/uploads\/2025\/12\/007www.jpg\" alt=\"\" class=\"wp-image-197\" style=\"aspect-ratio:3\/4;object-fit:cover\" srcset=\"https:\/\/karolinastudzinska.pl\/wp-content\/uploads\/2025\/12\/007www.jpg 598w, https:\/\/karolinastudzinska.pl\/wp-content\/uploads\/2025\/12\/007www-224x300.jpg 224w\" sizes=\"auto, (max-width: 598px) 100vw, 598px\" \/><\/figure>\n<\/div>\n<\/div>\n<\/div>\n","protected":false},"excerpt":{"rendered":"<p>STATUS: Niedost\u0119pnyWYMIARY:\u00a060&#215;80 cmROK POWSTANIA:\u00a02025MATERIA\u0141Y:\u00a0farby olejne Talens Van Gogh i Rembrandt, farby akrylowe Golden Open, werniks satynowy Winsor&amp;Newton, bawe\u0142niane p\u0142\u00f3tno 3-krotnie zagruntowane. \u015awiadoma kobieta kieruje si\u0119 intuicj\u0105, wewn\u0119trznym spokojem i harmoni\u0105. Jej si\u0142a nie pochodzi z dominacji nad \u015bwiatem, lecz z g\u0142\u0119bokiego zrozumienia \u017cycia w zgodzie z natur\u0105 i sam\u0105 sob\u0105.Tak jak nied\u017awied\u017a, ma w sobie [&hellip;]<\/p>\n","protected":false},"author":1,"featured_media":0,"parent":0,"menu_order":0,"comment_status":"closed","ping_status":"closed","template":"","meta":{"footnotes":""},"class_list":["post-190","page","type-page","status-publish","hentry"],"_links":{"self":[{"href":"https:\/\/karolinastudzinska.pl\/index.php\/wp-json\/wp\/v2\/pages\/190","targetHints":{"allow":["GET"]}}],"collection":[{"href":"https:\/\/karolinastudzinska.pl\/index.php\/wp-json\/wp\/v2\/pages"}],"about":[{"href":"https:\/\/karolinastudzinska.pl\/index.php\/wp-json\/wp\/v2\/types\/page"}],"author":[{"embeddable":true,"href":"https:\/\/karolinastudzinska.pl\/index.php\/wp-json\/wp\/v2\/users\/1"}],"replies":[{"embeddable":true,"href":"https:\/\/karolinastudzinska.pl\/index.php\/wp-json\/wp\/v2\/comments?post=190"}],"version-history":[{"count":1,"href":"https:\/\/karolinastudzinska.pl\/index.php\/wp-json\/wp\/v2\/pages\/190\/revisions"}],"predecessor-version":[{"id":198,"href":"https:\/\/karolinastudzinska.pl\/index.php\/wp-json\/wp\/v2\/pages\/190\/revisions\/198"}],"wp:attachment":[{"href":"https:\/\/karolinastudzinska.pl\/index.php\/wp-json\/wp\/v2\/media?parent=190"}],"curies":[{"name":"wp","href":"https:\/\/api.w.org\/{rel}","templated":true}]}}