{"id":182,"date":"2025-12-09T19:40:42","date_gmt":"2025-12-09T19:40:42","guid":{"rendered":"https:\/\/karolinastudzinska.pl\/?page_id=182"},"modified":"2025-12-09T19:40:42","modified_gmt":"2025-12-09T19:40:42","slug":"sekretny-ogrod","status":"publish","type":"page","link":"https:\/\/karolinastudzinska.pl\/index.php\/sekretny-ogrod\/","title":{"rendered":"Sekretny ogr\u00f3d"},"content":{"rendered":"\n<div class=\"wp-block-group alignfull has-accent-background-color has-background has-global-padding is-layout-constrained wp-container-core-group-is-layout-669513ed wp-block-group-is-layout-constrained\" style=\"margin-top:0;margin-bottom:0;padding-top:var(--wp--preset--spacing--50);padding-right:var(--wp--preset--spacing--50);padding-bottom:var(--wp--preset--spacing--50);padding-left:var(--wp--preset--spacing--50)\">\n<div class=\"wp-block-columns alignwide is-layout-flex wp-container-core-columns-is-layout-1da03c2a wp-block-columns-is-layout-flex\">\n<div class=\"wp-block-column is-vertically-aligned-stretch is-layout-flow wp-block-column-is-layout-flow\" style=\"flex-basis:50%\">\n<div class=\"wp-block-group is-vertical is-content-justification-stretch is-layout-flex wp-container-core-group-is-layout-444d5ee8 wp-block-group-is-layout-flex\" style=\"min-height:100%\">\n<div class=\"wp-block-columns is-layout-flex wp-container-core-columns-is-layout-28f84493 wp-block-columns-is-layout-flex\">\n<div class=\"wp-block-column is-layout-flow wp-block-column-is-layout-flow\">\n<figure data-wp-context=\"{&quot;imageId&quot;:&quot;69e109815d300&quot;}\" data-wp-interactive=\"core\/image\" data-wp-key=\"69e109815d300\" class=\"wp-block-image size-full is-style-rounded is-style-rounded--1 wp-lightbox-container\"><img loading=\"lazy\" decoding=\"async\" width=\"600\" height=\"600\" data-wp-class--hide=\"state.isContentHidden\" data-wp-class--show=\"state.isContentVisible\" data-wp-init=\"callbacks.setButtonStyles\" data-wp-on--click=\"actions.showLightbox\" data-wp-on--load=\"callbacks.setButtonStyles\" data-wp-on-window--resize=\"callbacks.setButtonStyles\" src=\"https:\/\/karolinastudzinska.pl\/wp-content\/uploads\/2025\/12\/006www-1-edited.jpg\" alt=\"\" class=\"wp-image-184\" srcset=\"https:\/\/karolinastudzinska.pl\/wp-content\/uploads\/2025\/12\/006www-1-edited.jpg 600w, https:\/\/karolinastudzinska.pl\/wp-content\/uploads\/2025\/12\/006www-1-edited-300x300.jpg 300w, https:\/\/karolinastudzinska.pl\/wp-content\/uploads\/2025\/12\/006www-1-edited-150x150.jpg 150w\" sizes=\"auto, (max-width: 600px) 100vw, 600px\" \/><button\n\t\t\tclass=\"lightbox-trigger\"\n\t\t\ttype=\"button\"\n\t\t\taria-haspopup=\"dialog\"\n\t\t\taria-label=\"Enlarge\"\n\t\t\tdata-wp-init=\"callbacks.initTriggerButton\"\n\t\t\tdata-wp-on--click=\"actions.showLightbox\"\n\t\t\tdata-wp-style--right=\"state.imageButtonRight\"\n\t\t\tdata-wp-style--top=\"state.imageButtonTop\"\n\t\t>\n\t\t\t<svg xmlns=\"http:\/\/www.w3.org\/2000\/svg\" width=\"12\" height=\"12\" fill=\"none\" viewBox=\"0 0 12 12\">\n\t\t\t\t<path fill=\"#fff\" d=\"M2 0a2 2 0 0 0-2 2v2h1.5V2a.5.5 0 0 1 .5-.5h2V0H2Zm2 10.5H2a.5.5 0 0 1-.5-.5V8H0v2a2 2 0 0 0 2 2h2v-1.5ZM8 12v-1.5h2a.5.5 0 0 0 .5-.5V8H12v2a2 2 0 0 1-2 2H8Zm2-12a2 2 0 0 1 2 2v2h-1.5V2a.5.5 0 0 0-.5-.5H8V0h2Z\" \/>\n\t\t\t<\/svg>\n\t\t<\/button><\/figure>\n<\/div>\n\n\n\n<div class=\"wp-block-column is-layout-flow wp-block-column-is-layout-flow\">\n<figure data-wp-context=\"{&quot;imageId&quot;:&quot;69e109815ddd8&quot;}\" data-wp-interactive=\"core\/image\" data-wp-key=\"69e109815ddd8\" class=\"wp-block-image size-full is-style-rounded is-style-rounded--2 wp-lightbox-container\"><img loading=\"lazy\" decoding=\"async\" width=\"600\" height=\"600\" data-wp-class--hide=\"state.isContentHidden\" data-wp-class--show=\"state.isContentVisible\" data-wp-init=\"callbacks.setButtonStyles\" data-wp-on--click=\"actions.showLightbox\" data-wp-on--load=\"callbacks.setButtonStyles\" data-wp-on-window--resize=\"callbacks.setButtonStyles\" src=\"https:\/\/karolinastudzinska.pl\/wp-content\/uploads\/2025\/12\/006www-2-edited.jpg\" alt=\"\" class=\"wp-image-186\" srcset=\"https:\/\/karolinastudzinska.pl\/wp-content\/uploads\/2025\/12\/006www-2-edited.jpg 600w, https:\/\/karolinastudzinska.pl\/wp-content\/uploads\/2025\/12\/006www-2-edited-300x300.jpg 300w, https:\/\/karolinastudzinska.pl\/wp-content\/uploads\/2025\/12\/006www-2-edited-150x150.jpg 150w\" sizes=\"auto, (max-width: 600px) 100vw, 600px\" \/><button\n\t\t\tclass=\"lightbox-trigger\"\n\t\t\ttype=\"button\"\n\t\t\taria-haspopup=\"dialog\"\n\t\t\taria-label=\"Enlarge\"\n\t\t\tdata-wp-init=\"callbacks.initTriggerButton\"\n\t\t\tdata-wp-on--click=\"actions.showLightbox\"\n\t\t\tdata-wp-style--right=\"state.imageButtonRight\"\n\t\t\tdata-wp-style--top=\"state.imageButtonTop\"\n\t\t>\n\t\t\t<svg xmlns=\"http:\/\/www.w3.org\/2000\/svg\" width=\"12\" height=\"12\" fill=\"none\" viewBox=\"0 0 12 12\">\n\t\t\t\t<path fill=\"#fff\" d=\"M2 0a2 2 0 0 0-2 2v2h1.5V2a.5.5 0 0 1 .5-.5h2V0H2Zm2 10.5H2a.5.5 0 0 1-.5-.5V8H0v2a2 2 0 0 0 2 2h2v-1.5ZM8 12v-1.5h2a.5.5 0 0 0 .5-.5V8H12v2a2 2 0 0 1-2 2H8Zm2-12a2 2 0 0 1 2 2v2h-1.5V2a.5.5 0 0 0-.5-.5H8V0h2Z\" \/>\n\t\t\t<\/svg>\n\t\t<\/button><\/figure>\n<\/div>\n\n\n\n<div class=\"wp-block-column is-layout-flow wp-block-column-is-layout-flow\"><\/div>\n<\/div>\n\n\n\n<p><em><strong>\u200b<\/strong><\/em><strong>STATUS: Niedost\u0119pny<br>WYMIARY:&nbsp;<\/strong>80&#215;60 cm<br><strong>ROK POWSTANIA:&nbsp;<\/strong>2024<br><strong>MATERIA\u0141Y:&nbsp;<\/strong>farby olejne Talens Van Gogh, farby akrylowe Golden Open, werniks satynowy Winsor&amp;Newton, bawe\u0142niane p\u0142\u00f3tno 3-krotnie zagruntowane.<\/p>\n\n\n\n<p>W \u201eSekretnym ogrodzie\u201d Twoje my\u015bli mog\u0105 b\u0142\u0105dzi\u0107 po nieodkrytych jeszcze aspektach osobowo\u015bci, po ukrytych skarbach Twojej duszy i mo\u017cliwo\u015bciach rozwoju, kt\u00f3re skrywane s\u0105 na razie przed \u015bwiatem w delikatnych p\u0142atkach \u015bwiadomo\u015bci.<br>Czasami potrzebujesz odosobnienia, chwili wytchnienia i refleksji \u017ceby zajrze\u0107 w g\u0142\u0105b swojego umys\u0142u i przypomnie\u0107 sobie kim chcesz by\u0107,&nbsp; czego pragniesz, jak chcesz to osi\u0105gn\u0105\u0107.<br>Taki ogr\u00f3d to zaproszenie do eksploracji wewn\u0119trznej przestrzeni, odkrywania ukrytych talent\u00f3w i emocji, kt\u00f3re mog\u0105 przynie\u015b\u0107 Ci nowe doznania, lekcje \u017cyciowe, si\u0142\u0119 do nowych wyzwa\u0144.<br>I tylko od si\u0142y wyobra\u017ani i samodyscypliny zale\u017cy czy b\u0119dziesz z trosk\u0105 piel\u0119gnowa\u0107 ten ogr\u00f3d czy pozwolisz \u017ceby wyros\u0142y w nim chwasty.<\/p>\n<\/div>\n<\/div>\n\n\n\n<div class=\"wp-block-column is-vertically-aligned-center is-layout-flow wp-block-column-is-layout-flow\" style=\"flex-basis:50%\">\n<figure class=\"wp-block-image size-full is-style-default\"><img loading=\"lazy\" decoding=\"async\" width=\"600\" height=\"801\" src=\"https:\/\/karolinastudzinska.pl\/wp-content\/uploads\/2025\/12\/006-a.jpg\" alt=\"\" class=\"wp-image-187\" style=\"aspect-ratio:3\/4;object-fit:cover\" srcset=\"https:\/\/karolinastudzinska.pl\/wp-content\/uploads\/2025\/12\/006-a.jpg 600w, https:\/\/karolinastudzinska.pl\/wp-content\/uploads\/2025\/12\/006-a-225x300.jpg 225w\" sizes=\"auto, (max-width: 600px) 100vw, 600px\" \/><\/figure>\n<\/div>\n<\/div>\n<\/div>\n","protected":false},"excerpt":{"rendered":"<p>\u200bSTATUS: Niedost\u0119pnyWYMIARY:&nbsp;80&#215;60 cmROK POWSTANIA:&nbsp;2024MATERIA\u0141Y:&nbsp;farby olejne Talens Van Gogh, farby akrylowe Golden Open, werniks satynowy Winsor&amp;Newton, bawe\u0142niane p\u0142\u00f3tno 3-krotnie zagruntowane. W \u201eSekretnym ogrodzie\u201d Twoje my\u015bli mog\u0105 b\u0142\u0105dzi\u0107 po nieodkrytych jeszcze aspektach osobowo\u015bci, po ukrytych skarbach Twojej duszy i mo\u017cliwo\u015bciach rozwoju, kt\u00f3re skrywane s\u0105 na razie przed \u015bwiatem w delikatnych p\u0142atkach \u015bwiadomo\u015bci.Czasami potrzebujesz odosobnienia, chwili wytchnienia i [&hellip;]<\/p>\n","protected":false},"author":1,"featured_media":0,"parent":0,"menu_order":0,"comment_status":"closed","ping_status":"closed","template":"","meta":{"footnotes":""},"class_list":["post-182","page","type-page","status-publish","hentry"],"_links":{"self":[{"href":"https:\/\/karolinastudzinska.pl\/index.php\/wp-json\/wp\/v2\/pages\/182","targetHints":{"allow":["GET"]}}],"collection":[{"href":"https:\/\/karolinastudzinska.pl\/index.php\/wp-json\/wp\/v2\/pages"}],"about":[{"href":"https:\/\/karolinastudzinska.pl\/index.php\/wp-json\/wp\/v2\/types\/page"}],"author":[{"embeddable":true,"href":"https:\/\/karolinastudzinska.pl\/index.php\/wp-json\/wp\/v2\/users\/1"}],"replies":[{"embeddable":true,"href":"https:\/\/karolinastudzinska.pl\/index.php\/wp-json\/wp\/v2\/comments?post=182"}],"version-history":[{"count":1,"href":"https:\/\/karolinastudzinska.pl\/index.php\/wp-json\/wp\/v2\/pages\/182\/revisions"}],"predecessor-version":[{"id":188,"href":"https:\/\/karolinastudzinska.pl\/index.php\/wp-json\/wp\/v2\/pages\/182\/revisions\/188"}],"wp:attachment":[{"href":"https:\/\/karolinastudzinska.pl\/index.php\/wp-json\/wp\/v2\/media?parent=182"}],"curies":[{"name":"wp","href":"https:\/\/api.w.org\/{rel}","templated":true}]}}