{"id":160,"date":"2025-12-09T19:27:36","date_gmt":"2025-12-09T19:27:36","guid":{"rendered":"https:\/\/karolinastudzinska.pl\/?page_id=160"},"modified":"2025-12-09T20:03:01","modified_gmt":"2025-12-09T20:03:01","slug":"wila","status":"publish","type":"page","link":"https:\/\/karolinastudzinska.pl\/index.php\/wila\/","title":{"rendered":"Wi\u0142a"},"content":{"rendered":"\n<div class=\"wp-block-group alignfull has-accent-background-color has-background has-global-padding is-layout-constrained wp-container-core-group-is-layout-669513ed wp-block-group-is-layout-constrained\" style=\"margin-top:0;margin-bottom:0;padding-top:var(--wp--preset--spacing--50);padding-right:var(--wp--preset--spacing--50);padding-bottom:var(--wp--preset--spacing--50);padding-left:var(--wp--preset--spacing--50)\">\n<div class=\"wp-block-columns alignwide is-layout-flex wp-container-core-columns-is-layout-1da03c2a wp-block-columns-is-layout-flex\">\n<div class=\"wp-block-column is-vertically-aligned-stretch is-layout-flow wp-block-column-is-layout-flow\" style=\"flex-basis:50%\">\n<div class=\"wp-block-group is-vertical is-content-justification-stretch is-layout-flex wp-container-core-group-is-layout-444d5ee8 wp-block-group-is-layout-flex\" style=\"min-height:100%\">\n<div class=\"wp-block-columns is-layout-flex wp-container-core-columns-is-layout-28f84493 wp-block-columns-is-layout-flex\">\n<div class=\"wp-block-column is-layout-flow wp-block-column-is-layout-flow\">\n<figure data-wp-context=\"{&quot;imageId&quot;:&quot;69e0f3352223b&quot;}\" data-wp-interactive=\"core\/image\" data-wp-key=\"69e0f3352223b\" class=\"wp-block-image size-full is-style-rounded is-style-rounded--1 wp-lightbox-container\"><img loading=\"lazy\" decoding=\"async\" width=\"600\" height=\"600\" data-wp-class--hide=\"state.isContentHidden\" data-wp-class--show=\"state.isContentVisible\" data-wp-init=\"callbacks.setButtonStyles\" data-wp-on--click=\"actions.showLightbox\" data-wp-on--load=\"callbacks.setButtonStyles\" data-wp-on-window--resize=\"callbacks.setButtonStyles\" src=\"https:\/\/karolinastudzinska.pl\/wp-content\/uploads\/2025\/12\/004www-1-edited.jpg\" alt=\"\" class=\"wp-image-163\" srcset=\"https:\/\/karolinastudzinska.pl\/wp-content\/uploads\/2025\/12\/004www-1-edited.jpg 600w, https:\/\/karolinastudzinska.pl\/wp-content\/uploads\/2025\/12\/004www-1-edited-300x300.jpg 300w, https:\/\/karolinastudzinska.pl\/wp-content\/uploads\/2025\/12\/004www-1-edited-150x150.jpg 150w\" sizes=\"auto, (max-width: 600px) 100vw, 600px\" \/><button\n\t\t\tclass=\"lightbox-trigger\"\n\t\t\ttype=\"button\"\n\t\t\taria-haspopup=\"dialog\"\n\t\t\taria-label=\"Enlarge\"\n\t\t\tdata-wp-init=\"callbacks.initTriggerButton\"\n\t\t\tdata-wp-on--click=\"actions.showLightbox\"\n\t\t\tdata-wp-style--right=\"state.imageButtonRight\"\n\t\t\tdata-wp-style--top=\"state.imageButtonTop\"\n\t\t>\n\t\t\t<svg xmlns=\"http:\/\/www.w3.org\/2000\/svg\" width=\"12\" height=\"12\" fill=\"none\" viewBox=\"0 0 12 12\">\n\t\t\t\t<path fill=\"#fff\" d=\"M2 0a2 2 0 0 0-2 2v2h1.5V2a.5.5 0 0 1 .5-.5h2V0H2Zm2 10.5H2a.5.5 0 0 1-.5-.5V8H0v2a2 2 0 0 0 2 2h2v-1.5ZM8 12v-1.5h2a.5.5 0 0 0 .5-.5V8H12v2a2 2 0 0 1-2 2H8Zm2-12a2 2 0 0 1 2 2v2h-1.5V2a.5.5 0 0 0-.5-.5H8V0h2Z\" \/>\n\t\t\t<\/svg>\n\t\t<\/button><\/figure>\n<\/div>\n\n\n\n<div class=\"wp-block-column is-layout-flow wp-block-column-is-layout-flow\">\n<figure data-wp-context=\"{&quot;imageId&quot;:&quot;69e0f33522a1e&quot;}\" data-wp-interactive=\"core\/image\" data-wp-key=\"69e0f33522a1e\" class=\"wp-block-image size-full is-style-rounded is-style-rounded--2 wp-lightbox-container\"><img loading=\"lazy\" decoding=\"async\" width=\"600\" height=\"600\" data-wp-class--hide=\"state.isContentHidden\" data-wp-class--show=\"state.isContentVisible\" data-wp-init=\"callbacks.setButtonStyles\" data-wp-on--click=\"actions.showLightbox\" data-wp-on--load=\"callbacks.setButtonStyles\" data-wp-on-window--resize=\"callbacks.setButtonStyles\" src=\"https:\/\/karolinastudzinska.pl\/wp-content\/uploads\/2025\/12\/004www-2-edited.jpg\" alt=\"\" class=\"wp-image-165\" srcset=\"https:\/\/karolinastudzinska.pl\/wp-content\/uploads\/2025\/12\/004www-2-edited.jpg 600w, https:\/\/karolinastudzinska.pl\/wp-content\/uploads\/2025\/12\/004www-2-edited-300x300.jpg 300w, https:\/\/karolinastudzinska.pl\/wp-content\/uploads\/2025\/12\/004www-2-edited-150x150.jpg 150w\" sizes=\"auto, (max-width: 600px) 100vw, 600px\" \/><button\n\t\t\tclass=\"lightbox-trigger\"\n\t\t\ttype=\"button\"\n\t\t\taria-haspopup=\"dialog\"\n\t\t\taria-label=\"Enlarge\"\n\t\t\tdata-wp-init=\"callbacks.initTriggerButton\"\n\t\t\tdata-wp-on--click=\"actions.showLightbox\"\n\t\t\tdata-wp-style--right=\"state.imageButtonRight\"\n\t\t\tdata-wp-style--top=\"state.imageButtonTop\"\n\t\t>\n\t\t\t<svg xmlns=\"http:\/\/www.w3.org\/2000\/svg\" width=\"12\" height=\"12\" fill=\"none\" viewBox=\"0 0 12 12\">\n\t\t\t\t<path fill=\"#fff\" d=\"M2 0a2 2 0 0 0-2 2v2h1.5V2a.5.5 0 0 1 .5-.5h2V0H2Zm2 10.5H2a.5.5 0 0 1-.5-.5V8H0v2a2 2 0 0 0 2 2h2v-1.5ZM8 12v-1.5h2a.5.5 0 0 0 .5-.5V8H12v2a2 2 0 0 1-2 2H8Zm2-12a2 2 0 0 1 2 2v2h-1.5V2a.5.5 0 0 0-.5-.5H8V0h2Z\" \/>\n\t\t\t<\/svg>\n\t\t<\/button><\/figure>\n<\/div>\n\n\n\n<div class=\"wp-block-column is-layout-flow wp-block-column-is-layout-flow\">\n<figure data-wp-context=\"{&quot;imageId&quot;:&quot;69e0f33522ff7&quot;}\" data-wp-interactive=\"core\/image\" data-wp-key=\"69e0f33522ff7\" class=\"wp-block-image size-full is-style-rounded is-style-rounded--3 wp-lightbox-container\"><img loading=\"lazy\" decoding=\"async\" width=\"600\" height=\"600\" data-wp-class--hide=\"state.isContentHidden\" data-wp-class--show=\"state.isContentVisible\" data-wp-init=\"callbacks.setButtonStyles\" data-wp-on--click=\"actions.showLightbox\" data-wp-on--load=\"callbacks.setButtonStyles\" data-wp-on-window--resize=\"callbacks.setButtonStyles\" src=\"https:\/\/karolinastudzinska.pl\/wp-content\/uploads\/2025\/12\/004www-4-edited.jpg\" alt=\"\" class=\"wp-image-167\" srcset=\"https:\/\/karolinastudzinska.pl\/wp-content\/uploads\/2025\/12\/004www-4-edited.jpg 600w, https:\/\/karolinastudzinska.pl\/wp-content\/uploads\/2025\/12\/004www-4-edited-300x300.jpg 300w, https:\/\/karolinastudzinska.pl\/wp-content\/uploads\/2025\/12\/004www-4-edited-150x150.jpg 150w\" sizes=\"auto, (max-width: 600px) 100vw, 600px\" \/><button\n\t\t\tclass=\"lightbox-trigger\"\n\t\t\ttype=\"button\"\n\t\t\taria-haspopup=\"dialog\"\n\t\t\taria-label=\"Enlarge\"\n\t\t\tdata-wp-init=\"callbacks.initTriggerButton\"\n\t\t\tdata-wp-on--click=\"actions.showLightbox\"\n\t\t\tdata-wp-style--right=\"state.imageButtonRight\"\n\t\t\tdata-wp-style--top=\"state.imageButtonTop\"\n\t\t>\n\t\t\t<svg xmlns=\"http:\/\/www.w3.org\/2000\/svg\" width=\"12\" height=\"12\" fill=\"none\" viewBox=\"0 0 12 12\">\n\t\t\t\t<path fill=\"#fff\" d=\"M2 0a2 2 0 0 0-2 2v2h1.5V2a.5.5 0 0 1 .5-.5h2V0H2Zm2 10.5H2a.5.5 0 0 1-.5-.5V8H0v2a2 2 0 0 0 2 2h2v-1.5ZM8 12v-1.5h2a.5.5 0 0 0 .5-.5V8H12v2a2 2 0 0 1-2 2H8Zm2-12a2 2 0 0 1 2 2v2h-1.5V2a.5.5 0 0 0-.5-.5H8V0h2Z\" \/>\n\t\t\t<\/svg>\n\t\t<\/button><\/figure>\n<\/div>\n<\/div>\n\n\n\n<p><strong>STATUS: Niedost\u0119pny<br>WYMIARY:&nbsp;<\/strong>50&#215;70 cm<br><strong>ROK POWSTANIA:&nbsp;<\/strong>2024<br><strong>MATERIA\u0141Y:&nbsp;<\/strong>farby olejne Talens Van Gogh, farby akrylowe Golden Open, werniks satynowy Winsor&amp;Newton, bawe\u0142niane p\u0142\u00f3tno 3-krotnie zagruntowane.<\/p>\n\n\n\n<p>Wi\u0142a to tajemnicza i eteryczna istota w mitologii s\u0142owia\u0144skiej, przybieraj\u0105ca posta\u0107 kobiety, zwierz\u0105t lub \u017cywio\u0142\u00f3w ziemi. W jej symbolice kry\u0142a si\u0119 duchowa si\u0142a, nieskr\u0119powana wolno\u015b\u0107 i g\u0142\u0119boka wi\u0119\u017a z natur\u0105.<br>W dawnych wierzeniach Wi\u0142y by\u0142y postaciami zwi\u0105zanymi z wodami, powietrzem i lasami. To opiekunki przyrody, nosicielki g\u0142\u0119bokiej m\u0105dro\u015bci i energii \u017cyciowej.<br>By\u0142y postrzegane jako istoty sk\u0142onne do ochrony i pomocy ludziom w potrzebie, jednak rozgniewane z\u0142ymi uczynkami ludzi wobec praw natury potrafi\u0142y sprowadzi\u0107 na nich nieszcz\u0119\u015bcie, szale\u0144stwo lub zniszczy\u0107 pola uprawne wywo\u0142uj\u0105c wichury, grad, susz\u0119.<br>Obraz \u201eWi\u0142a\u201d to wyraz odwa\u017cnego pod\u0105\u017cania za intuicj\u0105, odkrywania w\u0142asnej prawdziwej si\u0142y i osi\u0105gania pe\u0142ni kobiecego potencja\u0142u.<br>\u200bTo nie zewn\u0119trzna, ulotna pow\u0142oka czyni kobiet\u0119 magnetyczn\u0105 istot\u0105 ale jej nieprzewidywalna wolno\u015b\u0107 ducha, dojrza\u0142a wra\u017cliwo\u015b\u0107 wobec \u015bwiata, wewn\u0119trzny blask i energia, kt\u00f3re daj\u0105 poczucie bezpiecze\u0144stwa i harmonii.<\/p>\n<\/div>\n<\/div>\n\n\n\n<div class=\"wp-block-column is-vertically-aligned-center is-layout-flow wp-block-column-is-layout-flow\" style=\"flex-basis:50%\">\n<figure class=\"wp-block-image size-full is-resized is-style-default\"><img loading=\"lazy\" decoding=\"async\" width=\"565\" height=\"800\" src=\"https:\/\/karolinastudzinska.pl\/wp-content\/uploads\/2025\/12\/004www.jpg\" alt=\"\" class=\"wp-image-161\" style=\"aspect-ratio:0.75;object-fit:cover;width:588px;height:auto\" srcset=\"https:\/\/karolinastudzinska.pl\/wp-content\/uploads\/2025\/12\/004www.jpg 565w, https:\/\/karolinastudzinska.pl\/wp-content\/uploads\/2025\/12\/004www-212x300.jpg 212w\" sizes=\"auto, (max-width: 565px) 100vw, 565px\" \/><\/figure>\n<\/div>\n<\/div>\n<\/div>\n","protected":false},"excerpt":{"rendered":"<p>STATUS: Niedost\u0119pnyWYMIARY:&nbsp;50&#215;70 cmROK POWSTANIA:&nbsp;2024MATERIA\u0141Y:&nbsp;farby olejne Talens Van Gogh, farby akrylowe Golden Open, werniks satynowy Winsor&amp;Newton, bawe\u0142niane p\u0142\u00f3tno 3-krotnie zagruntowane. Wi\u0142a to tajemnicza i eteryczna istota w mitologii s\u0142owia\u0144skiej, przybieraj\u0105ca posta\u0107 kobiety, zwierz\u0105t lub \u017cywio\u0142\u00f3w ziemi. W jej symbolice kry\u0142a si\u0119 duchowa si\u0142a, nieskr\u0119powana wolno\u015b\u0107 i g\u0142\u0119boka wi\u0119\u017a z natur\u0105.W dawnych wierzeniach Wi\u0142y by\u0142y postaciami zwi\u0105zanymi [&hellip;]<\/p>\n","protected":false},"author":1,"featured_media":0,"parent":0,"menu_order":0,"comment_status":"closed","ping_status":"closed","template":"","meta":{"footnotes":""},"class_list":["post-160","page","type-page","status-publish","hentry"],"_links":{"self":[{"href":"https:\/\/karolinastudzinska.pl\/index.php\/wp-json\/wp\/v2\/pages\/160","targetHints":{"allow":["GET"]}}],"collection":[{"href":"https:\/\/karolinastudzinska.pl\/index.php\/wp-json\/wp\/v2\/pages"}],"about":[{"href":"https:\/\/karolinastudzinska.pl\/index.php\/wp-json\/wp\/v2\/types\/page"}],"author":[{"embeddable":true,"href":"https:\/\/karolinastudzinska.pl\/index.php\/wp-json\/wp\/v2\/users\/1"}],"replies":[{"embeddable":true,"href":"https:\/\/karolinastudzinska.pl\/index.php\/wp-json\/wp\/v2\/comments?post=160"}],"version-history":[{"count":2,"href":"https:\/\/karolinastudzinska.pl\/index.php\/wp-json\/wp\/v2\/pages\/160\/revisions"}],"predecessor-version":[{"id":222,"href":"https:\/\/karolinastudzinska.pl\/index.php\/wp-json\/wp\/v2\/pages\/160\/revisions\/222"}],"wp:attachment":[{"href":"https:\/\/karolinastudzinska.pl\/index.php\/wp-json\/wp\/v2\/media?parent=160"}],"curies":[{"name":"wp","href":"https:\/\/api.w.org\/{rel}","templated":true}]}}